{"id":468,"date":"2021-01-21T16:32:59","date_gmt":"2021-01-21T19:32:59","guid":{"rendered":"http:\/\/maclapart.com.br\/?page_id=468"},"modified":"2021-02-05T13:19:41","modified_gmt":"2021-02-05T16:19:41","slug":"lic","status":"publish","type":"page","link":"https:\/\/maclapart.com.br\/index.php\/lic\/","title":{"rendered":"LIC"},"content":{"rendered":"\t\t<div data-elementor-type=\"wp-page\" data-elementor-id=\"468\" class=\"elementor elementor-468\" data-elementor-settings=\"[]\">\n\t\t\t\t\t\t<div class=\"elementor-inner\">\n\t\t\t\t\t\t\t<div class=\"elementor-section-wrap\">\n\t\t\t\t\t\t\t<section class=\"elementor-section elementor-top-section elementor-element elementor-element-7d7958d elementor-section-boxed elementor-section-height-default elementor-section-height-default\" data-id=\"7d7958d\" data-element_type=\"section\" data-settings=\"{&quot;background_background&quot;:&quot;classic&quot;}\">\n\t\t\t\t\t\t<div class=\"elementor-container elementor-column-gap-default\">\n\t\t\t\t\t\t\t<div class=\"elementor-row\">\n\t\t\t\t\t<div class=\"elementor-column elementor-col-100 elementor-top-column elementor-element elementor-element-d143be6\" data-id=\"d143be6\" data-element_type=\"column\">\n\t\t\t<div class=\"elementor-column-wrap elementor-element-populated\">\n\t\t\t\t\t\t\t<div class=\"elementor-widget-wrap\">\n\t\t\t\t\t\t<div class=\"elementor-element elementor-element-ae972c0 elementor-view-default elementor-widget elementor-widget-icon\" data-id=\"ae972c0\" data-element_type=\"widget\" data-widget_type=\"icon.default\">\n\t\t\t\t<div class=\"elementor-widget-container\">\n\t\t\t\t\t<div class=\"elementor-icon-wrapper\">\n\t\t\t<a class=\"elementor-icon\" href=\"https:\/\/maclapart.com.br\/\">\n\t\t\t<svg xmlns=\"http:\/\/www.w3.org\/2000\/svg\" xmlns:xlink=\"http:\/\/www.w3.org\/1999\/xlink\" id=\"Layer_1\" x=\"0px\" y=\"0px\" viewBox=\"0 0 492 492\" style=\"enable-background:new 0 0 492 492;\" xml:space=\"preserve\">\n<g>\n\t<g>\n\t\t<path d=\"M300.188,246L484.14,62.04c5.06-5.064,7.852-11.82,7.86-19.024c0-7.208-2.792-13.972-7.86-19.028L468.02,7.872    c-5.068-5.076-11.824-7.856-19.036-7.856c-7.2,0-13.956,2.78-19.024,7.856L246.008,191.82L62.048,7.872    c-5.06-5.076-11.82-7.856-19.028-7.856c-7.2,0-13.96,2.78-19.02,7.856L7.872,23.988c-10.496,10.496-10.496,27.568,0,38.052    L191.828,246L7.872,429.952c-5.064,5.072-7.852,11.828-7.852,19.032c0,7.204,2.788,13.96,7.852,19.028l16.124,16.116    c5.06,5.072,11.824,7.856,19.02,7.856c7.208,0,13.968-2.784,19.028-7.856l183.96-183.952l183.952,183.952    c5.068,5.072,11.824,7.856,19.024,7.856h0.008c7.204,0,13.96-2.784,19.028-7.856l16.12-16.116    c5.06-5.064,7.852-11.824,7.852-19.028c0-7.204-2.792-13.96-7.852-19.028L300.188,246z\"><\/path>\n\t<\/g>\n<\/g>\n<g>\n<\/g>\n<g>\n<\/g>\n<g>\n<\/g>\n<g>\n<\/g>\n<g>\n<\/g>\n<g>\n<\/g>\n<g>\n<\/g>\n<g>\n<\/g>\n<g>\n<\/g>\n<g>\n<\/g>\n<g>\n<\/g>\n<g>\n<\/g>\n<g>\n<\/g>\n<g>\n<\/g>\n<g>\n<\/g>\n<\/svg>\t\t\t<\/a>\n\t\t<\/div>\n\t\t\t\t<\/div>\n\t\t\t\t<\/div>\n\t\t\t\t<div class=\"elementor-element elementor-element-fd98c90 elementor-arrows-position-inside elementor-widget elementor-widget-image-carousel\" data-id=\"fd98c90\" data-element_type=\"widget\" data-settings=\"{&quot;slides_to_show&quot;:&quot;1&quot;,&quot;navigation&quot;:&quot;arrows&quot;,&quot;autoplay&quot;:&quot;no&quot;,&quot;infinite&quot;:&quot;yes&quot;,&quot;effect&quot;:&quot;slide&quot;,&quot;speed&quot;:500}\" data-widget_type=\"image-carousel.default\">\n\t\t\t\t<div class=\"elementor-widget-container\">\n\t\t\t\t\t<div class=\"elementor-image-carousel-wrapper swiper-container\" dir=\"ltr\">\n\t\t\t<div class=\"elementor-image-carousel swiper-wrapper\">\n\t\t\t\t<div class=\"swiper-slide\"><figure class=\"swiper-slide-inner\"><img class=\"swiper-slide-image\" src=\"https:\/\/maclapart.com.br\/wp-content\/uploads\/2021\/01\/armazem_08.jpg\" alt=\"armazem_08\" \/><\/figure><\/div><div class=\"swiper-slide\"><figure class=\"swiper-slide-inner\"><img class=\"swiper-slide-image\" src=\"https:\/\/maclapart.com.br\/wp-content\/uploads\/2021\/01\/armazem_09.jpg\" alt=\"armazem_09\" \/><\/figure><\/div><div class=\"swiper-slide\"><figure class=\"swiper-slide-inner\"><img class=\"swiper-slide-image\" src=\"https:\/\/maclapart.com.br\/wp-content\/uploads\/2021\/01\/armazem_10.jpg\" alt=\"armazem_10\" \/><\/figure><\/div><div class=\"swiper-slide\"><figure class=\"swiper-slide-inner\"><img class=\"swiper-slide-image\" src=\"https:\/\/maclapart.com.br\/wp-content\/uploads\/2021\/01\/armazem_11.jpg\" alt=\"armazem_11\" \/><\/figure><\/div><div class=\"swiper-slide\"><figure class=\"swiper-slide-inner\"><img class=\"swiper-slide-image\" src=\"https:\/\/maclapart.com.br\/wp-content\/uploads\/2021\/01\/armazem_12.jpg\" alt=\"armazem_12\" \/><\/figure><\/div><div class=\"swiper-slide\"><figure class=\"swiper-slide-inner\"><img class=\"swiper-slide-image\" src=\"https:\/\/maclapart.com.br\/wp-content\/uploads\/2021\/01\/armazem_13.jpg\" alt=\"armazem_13\" \/><\/figure><\/div><div class=\"swiper-slide\"><figure class=\"swiper-slide-inner\"><img class=\"swiper-slide-image\" src=\"https:\/\/maclapart.com.br\/wp-content\/uploads\/2021\/01\/armazem_01.jpg\" alt=\"armazem_01\" \/><\/figure><\/div><div class=\"swiper-slide\"><figure class=\"swiper-slide-inner\"><img class=\"swiper-slide-image\" src=\"https:\/\/maclapart.com.br\/wp-content\/uploads\/2021\/01\/armazem_02.jpg\" alt=\"armazem_02\" \/><\/figure><\/div><div class=\"swiper-slide\"><figure class=\"swiper-slide-inner\"><img class=\"swiper-slide-image\" src=\"https:\/\/maclapart.com.br\/wp-content\/uploads\/2021\/01\/armazem_03.jpg\" alt=\"armazem_03\" \/><\/figure><\/div><div class=\"swiper-slide\"><figure class=\"swiper-slide-inner\"><img class=\"swiper-slide-image\" src=\"https:\/\/maclapart.com.br\/wp-content\/uploads\/2021\/01\/armazem_04.jpg\" alt=\"armazem_04\" \/><\/figure><\/div><div class=\"swiper-slide\"><figure class=\"swiper-slide-inner\"><img class=\"swiper-slide-image\" src=\"https:\/\/maclapart.com.br\/wp-content\/uploads\/2021\/01\/armazem_05.jpg\" alt=\"armazem_05\" \/><\/figure><\/div><div class=\"swiper-slide\"><figure class=\"swiper-slide-inner\"><img class=\"swiper-slide-image\" src=\"https:\/\/maclapart.com.br\/wp-content\/uploads\/2021\/01\/armazem_06.jpg\" alt=\"armazem_06\" \/><\/figure><\/div><div class=\"swiper-slide\"><figure class=\"swiper-slide-inner\"><img class=\"swiper-slide-image\" src=\"https:\/\/maclapart.com.br\/wp-content\/uploads\/2021\/01\/armazem_07.jpg\" alt=\"armazem_07\" \/><\/figure><\/div>\t\t\t<\/div>\n\t\t\t\t\t\t\t\t\t\t\t\t\t\t\t\t<div class=\"elementor-swiper-button elementor-swiper-button-prev\">\n\t\t\t\t\t\t<i class=\"eicon-chevron-left\" aria-hidden=\"true\"><\/i>\n\t\t\t\t\t\t<span class=\"elementor-screen-only\">Previous<\/span>\n\t\t\t\t\t<\/div>\n\t\t\t\t\t<div class=\"elementor-swiper-button elementor-swiper-button-next\">\n\t\t\t\t\t\t<i class=\"eicon-chevron-right\" aria-hidden=\"true\"><\/i>\n\t\t\t\t\t\t<span class=\"elementor-screen-only\">Next<\/span>\n\t\t\t\t\t<\/div>\n\t\t\t\t\t\t\t\t\t<\/div>\n\t\t\t\t<\/div>\n\t\t\t\t<\/div>\n\t\t\t\t<div class=\"elementor-element elementor-element-adcf43f .texto elementor-widget elementor-widget-text-editor\" data-id=\"adcf43f\" data-element_type=\"widget\" data-widget_type=\"text-editor.default\">\n\t\t\t\t<div class=\"elementor-widget-container\">\n\t\t\t\t\t<div class=\"elementor-text-editor elementor-clearfix\"><p>Armaz\u00e9m Portugal:<\/p><p>Casa de vinhos de requinte, com mais de 400 r\u00f3tulos, conta com consultoria feita por equipe de sommeliers dedicada. O Armaz\u00e9m Portugal est\u00e1 localizado em Santo Andr\u00e9, S\u00e3o Paulo.<\/p><\/div>\n\t\t\t\t<\/div>\n\t\t\t\t<\/div>\n\t\t\t\t<div class=\"elementor-element elementor-element-d7b51f0 elementor-arrows-position-inside elementor-widget elementor-widget-image-carousel\" data-id=\"d7b51f0\" data-element_type=\"widget\" data-settings=\"{&quot;slides_to_show&quot;:&quot;1&quot;,&quot;navigation&quot;:&quot;arrows&quot;,&quot;autoplay&quot;:&quot;no&quot;,&quot;infinite&quot;:&quot;yes&quot;,&quot;effect&quot;:&quot;slide&quot;,&quot;speed&quot;:500}\" data-widget_type=\"image-carousel.default\">\n\t\t\t\t<div class=\"elementor-widget-container\">\n\t\t\t\t\t<div class=\"elementor-image-carousel-wrapper swiper-container\" dir=\"ltr\">\n\t\t\t<div class=\"elementor-image-carousel swiper-wrapper\">\n\t\t\t\t<div class=\"swiper-slide\"><figure class=\"swiper-slide-inner\"><img class=\"swiper-slide-image\" src=\"https:\/\/maclapart.com.br\/wp-content\/uploads\/2021\/01\/drogasil_01.jpg\" alt=\"drogasil_01\" \/><\/figure><\/div><div class=\"swiper-slide\"><figure class=\"swiper-slide-inner\"><img class=\"swiper-slide-image\" src=\"https:\/\/maclapart.com.br\/wp-content\/uploads\/2021\/01\/drogasil_02.jpg\" alt=\"drogasil_02\" \/><\/figure><\/div>\t\t\t<\/div>\n\t\t\t\t\t\t\t\t\t\t\t\t\t\t\t\t<div class=\"elementor-swiper-button elementor-swiper-button-prev\">\n\t\t\t\t\t\t<i class=\"eicon-chevron-left\" aria-hidden=\"true\"><\/i>\n\t\t\t\t\t\t<span class=\"elementor-screen-only\">Previous<\/span>\n\t\t\t\t\t<\/div>\n\t\t\t\t\t<div class=\"elementor-swiper-button elementor-swiper-button-next\">\n\t\t\t\t\t\t<i class=\"eicon-chevron-right\" aria-hidden=\"true\"><\/i>\n\t\t\t\t\t\t<span class=\"elementor-screen-only\">Next<\/span>\n\t\t\t\t\t<\/div>\n\t\t\t\t\t\t\t\t\t<\/div>\n\t\t\t\t<\/div>\n\t\t\t\t<\/div>\n\t\t\t\t<div class=\"elementor-element elementor-element-7daf4e0 .texto elementor-widget elementor-widget-text-editor\" data-id=\"7daf4e0\" data-element_type=\"widget\" data-widget_type=\"text-editor.default\">\n\t\t\t\t<div class=\"elementor-widget-container\">\n\t\t\t\t\t<div class=\"elementor-text-editor elementor-clearfix\"><p>Drogasil:<\/p><p>Rede de drogarias do estado de S\u00e3o Paulo, pertence \u00e0 rede Raia Drogasil, que \u00e9 a maior rede de farm\u00e1cias do Brasil. Com sede na capital, possui mais de 1.800 lojas em 22 estados do pa\u00eds.<\/p><\/div>\n\t\t\t\t<\/div>\n\t\t\t\t<\/div>\n\t\t\t\t<div class=\"elementor-element elementor-element-32d47ea elementor-arrows-position-inside elementor-widget elementor-widget-image-carousel\" data-id=\"32d47ea\" data-element_type=\"widget\" data-settings=\"{&quot;slides_to_show&quot;:&quot;1&quot;,&quot;navigation&quot;:&quot;arrows&quot;,&quot;autoplay&quot;:&quot;no&quot;,&quot;infinite&quot;:&quot;yes&quot;,&quot;effect&quot;:&quot;slide&quot;,&quot;speed&quot;:500}\" data-widget_type=\"image-carousel.default\">\n\t\t\t\t<div class=\"elementor-widget-container\">\n\t\t\t\t\t<div class=\"elementor-image-carousel-wrapper swiper-container\" dir=\"ltr\">\n\t\t\t<div class=\"elementor-image-carousel swiper-wrapper\">\n\t\t\t\t<div class=\"swiper-slide\"><figure class=\"swiper-slide-inner\"><img class=\"swiper-slide-image\" src=\"https:\/\/maclapart.com.br\/wp-content\/uploads\/2021\/01\/extrafarma_01-1.jpg\" alt=\"extrafarma_01\" \/><\/figure><\/div>\t\t\t<\/div>\n\t\t\t\t\t<\/div>\n\t\t\t\t<\/div>\n\t\t\t\t<\/div>\n\t\t\t\t<div class=\"elementor-element elementor-element-6a54742 .texto elementor-widget elementor-widget-text-editor\" data-id=\"6a54742\" data-element_type=\"widget\" data-widget_type=\"text-editor.default\">\n\t\t\t\t<div class=\"elementor-widget-container\">\n\t\t\t\t\t<div class=\"elementor-text-editor elementor-clearfix\"><p>Extrafarma:<\/p><p>Empresa de distribui\u00e7\u00e3o e com\u00e9rcio de produtos farmac\u00eauticos do Grupo Ultra, est\u00e1 entre as 10 maiores redes de farm\u00e1cias do Brasil, com lojas nas Regi\u00f5es Norte, Nordeste e Sudeste do pa\u00eds.<\/p><\/div>\n\t\t\t\t<\/div>\n\t\t\t\t<\/div>\n\t\t\t\t<div class=\"elementor-element elementor-element-beb235a elementor-arrows-position-inside elementor-widget elementor-widget-image-carousel\" data-id=\"beb235a\" data-element_type=\"widget\" data-settings=\"{&quot;slides_to_show&quot;:&quot;1&quot;,&quot;navigation&quot;:&quot;arrows&quot;,&quot;autoplay&quot;:&quot;no&quot;,&quot;infinite&quot;:&quot;yes&quot;,&quot;effect&quot;:&quot;slide&quot;,&quot;speed&quot;:500}\" data-widget_type=\"image-carousel.default\">\n\t\t\t\t<div class=\"elementor-widget-container\">\n\t\t\t\t\t<div class=\"elementor-image-carousel-wrapper swiper-container\" dir=\"ltr\">\n\t\t\t<div class=\"elementor-image-carousel swiper-wrapper\">\n\t\t\t\t<div class=\"swiper-slide\"><figure class=\"swiper-slide-inner\"><img class=\"swiper-slide-image\" src=\"https:\/\/maclapart.com.br\/wp-content\/uploads\/2021\/01\/macla_1934.jpg\" alt=\"macla_1934\" \/><\/figure><\/div><div class=\"swiper-slide\"><figure class=\"swiper-slide-inner\"><img class=\"swiper-slide-image\" src=\"https:\/\/maclapart.com.br\/wp-content\/uploads\/2021\/01\/macla_1935.jpg\" alt=\"macla_1935\" \/><\/figure><\/div><div class=\"swiper-slide\"><figure class=\"swiper-slide-inner\"><img class=\"swiper-slide-image\" src=\"https:\/\/maclapart.com.br\/wp-content\/uploads\/2021\/01\/macla_1936.jpg\" alt=\"macla_1936\" \/><\/figure><\/div><div class=\"swiper-slide\"><figure class=\"swiper-slide-inner\"><img class=\"swiper-slide-image\" src=\"https:\/\/maclapart.com.br\/wp-content\/uploads\/2021\/01\/macla_1937.jpg\" alt=\"macla_1937\" \/><\/figure><\/div><div class=\"swiper-slide\"><figure class=\"swiper-slide-inner\"><img class=\"swiper-slide-image\" src=\"https:\/\/maclapart.com.br\/wp-content\/uploads\/2021\/01\/macla_1938.jpg\" alt=\"macla_1938\" \/><\/figure><\/div><div class=\"swiper-slide\"><figure class=\"swiper-slide-inner\"><img class=\"swiper-slide-image\" src=\"https:\/\/maclapart.com.br\/wp-content\/uploads\/2021\/01\/macla_1941.jpg\" alt=\"macla_1941\" \/><\/figure><\/div><div class=\"swiper-slide\"><figure class=\"swiper-slide-inner\"><img class=\"swiper-slide-image\" src=\"https:\/\/maclapart.com.br\/wp-content\/uploads\/2021\/01\/macla_1944.jpg\" alt=\"macla_1944\" \/><\/figure><\/div><div class=\"swiper-slide\"><figure class=\"swiper-slide-inner\"><img class=\"swiper-slide-image\" src=\"https:\/\/maclapart.com.br\/wp-content\/uploads\/2021\/01\/macla_1947.jpg\" alt=\"macla_1947\" \/><\/figure><\/div><div class=\"swiper-slide\"><figure class=\"swiper-slide-inner\"><img class=\"swiper-slide-image\" src=\"https:\/\/maclapart.com.br\/wp-content\/uploads\/2021\/01\/macla_1948.jpg\" alt=\"macla_1948\" \/><\/figure><\/div><div class=\"swiper-slide\"><figure class=\"swiper-slide-inner\"><img class=\"swiper-slide-image\" src=\"https:\/\/maclapart.com.br\/wp-content\/uploads\/2021\/01\/macla_1949.jpg\" alt=\"macla_1949\" \/><\/figure><\/div><div class=\"swiper-slide\"><figure class=\"swiper-slide-inner\"><img class=\"swiper-slide-image\" src=\"https:\/\/maclapart.com.br\/wp-content\/uploads\/2021\/01\/macla_1950.jpg\" alt=\"macla_1950\" \/><\/figure><\/div><div class=\"swiper-slide\"><figure class=\"swiper-slide-inner\"><img class=\"swiper-slide-image\" src=\"https:\/\/maclapart.com.br\/wp-content\/uploads\/2021\/01\/macla_1952.jpg\" alt=\"macla_1952\" \/><\/figure><\/div><div class=\"swiper-slide\"><figure class=\"swiper-slide-inner\"><img class=\"swiper-slide-image\" src=\"https:\/\/maclapart.com.br\/wp-content\/uploads\/2021\/01\/macla_1953.jpg\" alt=\"macla_1953\" \/><\/figure><\/div><div class=\"swiper-slide\"><figure class=\"swiper-slide-inner\"><img class=\"swiper-slide-image\" src=\"https:\/\/maclapart.com.br\/wp-content\/uploads\/2021\/01\/macla_1954.jpg\" alt=\"macla_1954\" \/><\/figure><\/div><div class=\"swiper-slide\"><figure class=\"swiper-slide-inner\"><img class=\"swiper-slide-image\" src=\"https:\/\/maclapart.com.br\/wp-content\/uploads\/2021\/01\/macla_1955.jpg\" alt=\"macla_1955\" \/><\/figure><\/div><div class=\"swiper-slide\"><figure class=\"swiper-slide-inner\"><img class=\"swiper-slide-image\" src=\"https:\/\/maclapart.com.br\/wp-content\/uploads\/2021\/01\/macla_1957.jpg\" alt=\"macla_1957\" \/><\/figure><\/div><div class=\"swiper-slide\"><figure class=\"swiper-slide-inner\"><img class=\"swiper-slide-image\" src=\"https:\/\/maclapart.com.br\/wp-content\/uploads\/2021\/01\/macla_1958.jpg\" alt=\"macla_1958\" \/><\/figure><\/div><div class=\"swiper-slide\"><figure class=\"swiper-slide-inner\"><img class=\"swiper-slide-image\" src=\"https:\/\/maclapart.com.br\/wp-content\/uploads\/2021\/01\/macla_1959.jpg\" alt=\"macla_1959\" \/><\/figure><\/div><div class=\"swiper-slide\"><figure class=\"swiper-slide-inner\"><img class=\"swiper-slide-image\" src=\"https:\/\/maclapart.com.br\/wp-content\/uploads\/2021\/01\/macla_1960.jpg\" alt=\"macla_1960\" \/><\/figure><\/div><div class=\"swiper-slide\"><figure class=\"swiper-slide-inner\"><img class=\"swiper-slide-image\" src=\"https:\/\/maclapart.com.br\/wp-content\/uploads\/2021\/01\/macla_1961.jpg\" alt=\"macla_1961\" \/><\/figure><\/div><div class=\"swiper-slide\"><figure class=\"swiper-slide-inner\"><img class=\"swiper-slide-image\" src=\"https:\/\/maclapart.com.br\/wp-content\/uploads\/2021\/01\/macla_1962.jpg\" alt=\"macla_1962\" \/><\/figure><\/div><div class=\"swiper-slide\"><figure class=\"swiper-slide-inner\"><img class=\"swiper-slide-image\" src=\"https:\/\/maclapart.com.br\/wp-content\/uploads\/2021\/01\/macla_1963.jpg\" alt=\"macla_1963\" \/><\/figure><\/div><div class=\"swiper-slide\"><figure class=\"swiper-slide-inner\"><img class=\"swiper-slide-image\" src=\"https:\/\/maclapart.com.br\/wp-content\/uploads\/2021\/01\/macla_1964.jpg\" alt=\"macla_1964\" \/><\/figure><\/div><div class=\"swiper-slide\"><figure class=\"swiper-slide-inner\"><img class=\"swiper-slide-image\" src=\"https:\/\/maclapart.com.br\/wp-content\/uploads\/2021\/01\/macla_1966.jpg\" alt=\"macla_1966\" \/><\/figure><\/div><div class=\"swiper-slide\"><figure class=\"swiper-slide-inner\"><img class=\"swiper-slide-image\" src=\"https:\/\/maclapart.com.br\/wp-content\/uploads\/2021\/01\/macla_1968.jpg\" alt=\"macla_1968\" \/><\/figure><\/div><div class=\"swiper-slide\"><figure class=\"swiper-slide-inner\"><img class=\"swiper-slide-image\" src=\"https:\/\/maclapart.com.br\/wp-content\/uploads\/2021\/01\/macla_1971.jpg\" alt=\"macla_1971\" \/><\/figure><\/div><div class=\"swiper-slide\"><figure class=\"swiper-slide-inner\"><img class=\"swiper-slide-image\" src=\"https:\/\/maclapart.com.br\/wp-content\/uploads\/2021\/01\/macla_1974.jpg\" alt=\"macla_1974\" \/><\/figure><\/div>\t\t\t<\/div>\n\t\t\t\t\t\t\t\t\t\t\t\t\t\t\t\t<div class=\"elementor-swiper-button elementor-swiper-button-prev\">\n\t\t\t\t\t\t<i class=\"eicon-chevron-left\" aria-hidden=\"true\"><\/i>\n\t\t\t\t\t\t<span class=\"elementor-screen-only\">Previous<\/span>\n\t\t\t\t\t<\/div>\n\t\t\t\t\t<div class=\"elementor-swiper-button elementor-swiper-button-next\">\n\t\t\t\t\t\t<i class=\"eicon-chevron-right\" aria-hidden=\"true\"><\/i>\n\t\t\t\t\t\t<span class=\"elementor-screen-only\">Next<\/span>\n\t\t\t\t\t<\/div>\n\t\t\t\t\t\t\t\t\t<\/div>\n\t\t\t\t<\/div>\n\t\t\t\t<\/div>\n\t\t\t\t<div class=\"elementor-element elementor-element-11646b8 .texto elementor-widget elementor-widget-text-editor\" data-id=\"11646b8\" data-element_type=\"widget\" data-widget_type=\"text-editor.default\">\n\t\t\t\t<div class=\"elementor-widget-container\">\n\t\t\t\t\t<div class=\"elementor-text-editor elementor-clearfix\"><p>Freitas Leiloeiro:<\/p><p>H\u00e1 mais de 30 anos no mercado de leil\u00f5es, realiza neg\u00f3cios com seguran\u00e7a, profissionalismo, comodidade e agilidade para seus clientes. Est\u00e1 sediada em S\u00e3o Paulo, capital.<\/p><\/div>\n\t\t\t\t<\/div>\n\t\t\t\t<\/div>\n\t\t\t\t<div class=\"elementor-element elementor-element-9a80786 elementor-arrows-position-inside elementor-widget elementor-widget-image-carousel\" data-id=\"9a80786\" data-element_type=\"widget\" data-settings=\"{&quot;slides_to_show&quot;:&quot;1&quot;,&quot;navigation&quot;:&quot;arrows&quot;,&quot;autoplay&quot;:&quot;no&quot;,&quot;infinite&quot;:&quot;yes&quot;,&quot;effect&quot;:&quot;slide&quot;,&quot;speed&quot;:500}\" data-widget_type=\"image-carousel.default\">\n\t\t\t\t<div class=\"elementor-widget-container\">\n\t\t\t\t\t<div class=\"elementor-image-carousel-wrapper swiper-container\" dir=\"ltr\">\n\t\t\t<div class=\"elementor-image-carousel swiper-wrapper\">\n\t\t\t\t<div class=\"swiper-slide\"><figure class=\"swiper-slide-inner\"><img class=\"swiper-slide-image\" src=\"https:\/\/maclapart.com.br\/wp-content\/uploads\/2021\/01\/Seconci1.jpg\" alt=\"Seconci1\" \/><\/figure><\/div>\t\t\t<\/div>\n\t\t\t\t\t<\/div>\n\t\t\t\t<\/div>\n\t\t\t\t<\/div>\n\t\t\t\t<div class=\"elementor-element elementor-element-4a76258 .texto elementor-widget elementor-widget-text-editor\" data-id=\"4a76258\" data-element_type=\"widget\" data-widget_type=\"text-editor.default\">\n\t\t\t\t<div class=\"elementor-widget-container\">\n\t\t\t\t\t<div class=\"elementor-text-editor elementor-clearfix\"><p>Seconci-SP:<\/p><p>Entidade filantr\u00f3pica sem fins lucrativos, promove a\u00e7\u00f5es de assist\u00eancia social para trabalhadores da constru\u00e7\u00e3o e seus familiares. Possui sede na capital e unidades em mais de 10 cidades do estado.<\/p><\/div>\n\t\t\t\t<\/div>\n\t\t\t\t<\/div>\n\t\t\t\t\t\t<\/div>\n\t\t\t\t\t<\/div>\n\t\t<\/div>\n\t\t\t\t\t\t\t\t<\/div>\n\t\t\t\t\t<\/div>\n\t\t<\/section>\n\t\t\t\t\t\t<\/div>\n\t\t\t\t\t\t<\/div>\n\t\t\t\t\t<\/div>\n\t\t","protected":false},"excerpt":{"rendered":"<p>Anterior Pr\u00f3ximo Armaz\u00e9m Portugal: Casa de vinhos de requinte, com mais de 400 r\u00f3tulos, conta com consultoria feita por equipe de sommeliers dedicada. O Armaz\u00e9m Portugal est\u00e1 localizado em Santo Andr\u00e9, S\u00e3o Paulo. Anterior Pr\u00f3ximo Drogasil: Rede de drogarias do estado de S\u00e3o Paulo, pertence \u00e0 rede Raia Drogasil, que \u00e9 a maior rede de [&hellip;]<\/p>\n","protected":false},"author":1,"featured_media":0,"parent":0,"menu_order":0,"comment_status":"closed","ping_status":"closed","template":"elementor_canvas","meta":[],"_links":{"self":[{"href":"https:\/\/maclapart.com.br\/index.php\/wp-json\/wp\/v2\/pages\/468"}],"collection":[{"href":"https:\/\/maclapart.com.br\/index.php\/wp-json\/wp\/v2\/pages"}],"about":[{"href":"https:\/\/maclapart.com.br\/index.php\/wp-json\/wp\/v2\/types\/page"}],"author":[{"embeddable":true,"href":"https:\/\/maclapart.com.br\/index.php\/wp-json\/wp\/v2\/users\/1"}],"replies":[{"embeddable":true,"href":"https:\/\/maclapart.com.br\/index.php\/wp-json\/wp\/v2\/comments?post=468"}],"version-history":[{"count":28,"href":"https:\/\/maclapart.com.br\/index.php\/wp-json\/wp\/v2\/pages\/468\/revisions"}],"predecessor-version":[{"id":531,"href":"https:\/\/maclapart.com.br\/index.php\/wp-json\/wp\/v2\/pages\/468\/revisions\/531"}],"wp:attachment":[{"href":"https:\/\/maclapart.com.br\/index.php\/wp-json\/wp\/v2\/media?parent=468"}],"curies":[{"name":"wp","href":"https:\/\/api.w.org\/{rel}","templated":true}]}}